{"id":12557,"date":"2025-02-18T15:30:07","date_gmt":"2025-02-18T13:30:07","guid":{"rendered":"https:\/\/www.psidomov.cz\/?page_id=12557"},"modified":"2025-12-31T20:49:56","modified_gmt":"2025-12-31T18:49:56","slug":"caste-dotazy-a-podpora","status":"publish","type":"page","link":"https:\/\/www.psidomov.cz\/?page_id=12557","title":{"rendered":"\u010cast\u00e9 dotazy a podpora"},"content":{"rendered":"<p style=\"padding-left: 80px;\"><a href=\"https:\/\/www.psidomov.cz\/?page_id=259\"><em><span style=\"font-size: 14pt;\">Podm\u00ednky pro\u00a0 adopci \u00a0zv\u00ed\u0159ete<\/span><\/em><\/a><\/p>\n<p style=\"padding-left: 80px;\"><a href=\"https:\/\/www.psidomov.cz\/?page_id=14279\"><em><span style=\"font-size: 14pt;\">Adopce zv\u00ed\u0159ete a poradna<\/span><\/em><\/a><\/p>\n<p style=\"padding-left: 80px;\"><em><span style=\"font-size: 14pt;\"><a class=\"row-title href=\" href=\"https:\/\/www.psidomov.cz\/?page_id=283\">K \u010demu slou\u017e\u00ed \u00fatulek<\/a><\/span><\/em><\/p>\n<p style=\"padding-left: 80px;\"><em><span style=\"font-size: 14pt;\"><a class=\"row-title\" href=\"https:\/\/www.psidomov.cz\/?page_id=4188\" aria-label=\"\u201eJak postupujeme, kdy\u017e se do \u00fatulku dostane nalezen\u00e9 zv\u00ed\u0159e\u201c (Upravit)\">Jak postupujeme, kdy\u017e se do \u00fatulku dostane nalezen\u00e9 zv\u00ed\u0159e<\/a><\/span><\/em><\/p>\n<p style=\"padding-left: 80px;\"><em><span style=\"font-size: 14pt;\"><a href=\"https:\/\/www.psidomov.cz\/?page_id=3078\">Co je virtu\u00e1ln\u00ed adopce<\/a><\/span><\/em><\/p>\n<p style=\"padding-left: 80px;\"><em><span style=\"font-size: 14pt;\"><a href=\"https:\/\/www.psidomov.cz\/?page_id=274\">Co d\u011blat, kdy\u017e najdu psa?<\/a><\/span><\/em><\/p>\n<p style=\"padding-left: 80px;\"><em><span style=\"font-size: 14pt;\"><a href=\"https:\/\/www.psidomov.cz\/?page_id=2353\">Co d\u011blat, kdy\u017e najdu ko\u010dku?<\/a><\/span><\/em><\/p>\n<p style=\"padding-left: 80px;\"><em><span style=\"font-size: 14pt;\"><a href=\"https:\/\/www.psidomov.cz\/?page_id=3490\">Podm\u00ednky pro ven\u010den\u00ed ps\u016f ve\u0159ejnost\u00ed<\/a><\/span><\/em><\/p>\n<p style=\"padding-left: 80px;\"><a href=\"https:\/\/www.psidomov.cz\/?p=13200\"><span style=\"font-size: 18.6667px;\"><i>Tepl\u00e9 letn\u00ed po\u010das\u00ed a zv\u00ed\u0159ata<\/i><\/span><\/a><\/p>\n","protected":false},"excerpt":{"rendered":"<p>Podm\u00ednky pro\u00a0 adopci \u00a0zv\u00ed\u0159ete Adopce zv\u00ed\u0159ete a poradna K \u010demu slou\u017e\u00ed \u00fatulek Jak postupujeme, kdy\u017e se do \u00fatulku dostane nalezen\u00e9 zv\u00ed\u0159e Co je virtu\u00e1ln\u00ed adopce Co d\u011blat, kdy\u017e najdu psa? Co d\u011blat, kdy\u017e najdu ko\u010dku? Podm\u00ednky pro ven\u010den\u00ed ps\u016f ve\u0159ejnost\u00ed Tepl\u00e9 letn\u00ed po\u010das\u00ed a zv\u00ed\u0159ata<\/p>\n","protected":false},"author":1,"featured_media":0,"parent":0,"menu_order":0,"comment_status":"closed","ping_status":"closed","template":"","meta":{"footnotes":""},"class_list":["post-12557","page","type-page","status-publish","hentry"],"_links":{"self":[{"href":"https:\/\/www.psidomov.cz\/index.php?rest_route=\/wp\/v2\/pages\/12557","targetHints":{"allow":["GET"]}}],"collection":[{"href":"https:\/\/www.psidomov.cz\/index.php?rest_route=\/wp\/v2\/pages"}],"about":[{"href":"https:\/\/www.psidomov.cz\/index.php?rest_route=\/wp\/v2\/types\/page"}],"author":[{"embeddable":true,"href":"https:\/\/www.psidomov.cz\/index.php?rest_route=\/wp\/v2\/users\/1"}],"replies":[{"embeddable":true,"href":"https:\/\/www.psidomov.cz\/index.php?rest_route=%2Fwp%2Fv2%2Fcomments&post=12557"}],"version-history":[{"count":2,"href":"https:\/\/www.psidomov.cz\/index.php?rest_route=\/wp\/v2\/pages\/12557\/revisions"}],"predecessor-version":[{"id":14284,"href":"https:\/\/www.psidomov.cz\/index.php?rest_route=\/wp\/v2\/pages\/12557\/revisions\/14284"}],"wp:attachment":[{"href":"https:\/\/www.psidomov.cz\/index.php?rest_route=%2Fwp%2Fv2%2Fmedia&parent=12557"}],"curies":[{"name":"wp","href":"https:\/\/api.w.org\/{rel}","templated":true}]}}