{"id":14279,"date":"2025-12-31T20:42:34","date_gmt":"2025-12-31T18:42:34","guid":{"rendered":"https:\/\/www.psidomov.cz\/?page_id=14279"},"modified":"2025-12-31T21:04:35","modified_gmt":"2025-12-31T19:04:35","slug":"14279-2","status":"publish","type":"page","link":"https:\/\/www.psidomov.cz\/?page_id=14279","title":{"rendered":"Adopce zv\u00ed\u0159ete a poradna"},"content":{"rendered":"<p><span style=\"font-size: 14pt;\"><strong>Adopce<\/strong><\/span><br \/>\nAdopce zv\u00ed\u0159ete m\u016f\u017ee prob\u00edhat ve dvou rovin\u00e1ch, a to do tzv. do\u010dasn\u00e9 p\u00e9\u010de nebo do trval\u00e9 p\u00e9\u010de. P\u0159i p\u0159\u00edjmu nalezen\u00e9ho zv\u00ed\u0159ete \u00fatulek vyhl\u00e1s\u00ed jeho n\u00e1lez na sv\u00fdch str\u00e1nk\u00e1chwww.psidomov.cz. Od tohoto data se ve smyslu Ob\u010dansk\u00e9ho z\u00e1kon\u00edku po\u010d\u00edt\u00e1 lh\u016fta 4 m\u011bs\u00edc\u016f, po kterou se m\u016f\u017ee o zv\u00ed\u0159e p\u0159ihl\u00e1sit jeho p\u016fvodn\u00ed majitel. Pokud se nep\u0159ihl\u00e1s\u00ed do uplynut\u00ed t\u00e9to lh\u016fty, jeho vlastnick\u00e1 pr\u00e1va zanikaj\u00ed. \u00datulek m\u016f\u017ee vydat zv\u00ed\u0159e p\u0159ed uplynut\u00edm t\u00e9to lh\u016fty z\u00e1jemci do tzv. do\u010dasn\u00e9 p\u00e9\u010de. Pokud by se v\u0161ak p\u016fvodn\u00ed majitel p\u0159ihl\u00e1sil, je do\u010dasn\u00fd chovatel povinen cestou \u00fatulku zv\u00ed\u0159e vr\u00e1tit. Pokud se p\u016fvodn\u00ed majitel o zv\u00ed\u0159e nep\u0159ihl\u00e1s\u00ed a z\u00e1konn\u00e1 lh\u016fta uplyne, jeho vlastnick\u00e1 pr\u00e1va zanikaj\u00ed a do\u010dasn\u00fd chovatel se st\u00e1v\u00e1 z\u00e1konn\u00fdm majitelem zv\u00ed\u0159ete. Do uplynut\u00ed z\u00e1konn\u00e9 lh\u016fty m\u016f\u017ee do\u010dasn\u00fd chovatel zv\u00ed\u0159e do \u00fatulku vr\u00e1tit.<br \/>\nZv\u00ed\u0159ata, kter\u00e1 jsou v \u00fatulku d\u00e9le ne\u017e 4 m\u011bs\u00edce, jsou vyd\u00e1v\u00e1na rovnou do tzv. trval\u00e9 p\u00e9\u010de. Z\u00e1jemce se tak p\u0159i p\u0159evzet\u00ed zv\u00ed\u0159ete st\u00e1v\u00e1 z\u00e1konn\u00fdm majitelem .<br \/>\nN\u00e1lezce, kter\u00fd si chce zv\u00ed\u0159e ponechat ve sv\u00e9 p\u00e9\u010di, mus\u00ed ve smyslu Ob\u010dansk\u00e9ho z\u00e1kon\u00edku, ozn\u00e1mit tuto skute\u010dnost do \u00fatulku a dodat p\u0159esn\u00fd popis zv\u00ed\u0159ete, m\u00edsto n\u00e1lezu, p\u0159\u00edp. fotografii zv\u00ed\u0159ete a spojen\u00ed na sebe, pro vyhl\u00e1\u0161en\u00ed n\u00e1lezu na str\u00e1nk\u00e1ch \u00fatulku. Pokud se vtomto p\u0159\u00edpad\u011b o zv\u00ed\u0159e nep\u0159ihl\u00e1s\u00ed p\u016fvodn\u00ed majitel ve lh\u016ft\u011b do 4 m\u011bs\u00edc\u016f od vyhl\u00e1\u0161en\u00ed n\u00e1lezu, st\u00e1v\u00e1 se n\u00e1lezce (do\u010dasn\u00fd chovatel) z\u00e1konn\u00fdm majitelem zv\u00ed\u0159ete.<br \/>\n\u00datulek neprov\u00e1d\u00ed rezervaci zv\u00ed\u0159at pro p\u0159\u00edpadn\u00e9 z\u00e1jemce o adopci.<br \/>\n\u00datulek umo\u017e\u0148uje exkurze. Exkurze je nutn\u00e9 objedn\u00e1vat minim\u00e1ln\u011b 14 dn\u00ed p\u0159edem.<\/p>\n<p>&nbsp;<\/p>\n<p><span style=\"font-size: 14pt;\"><strong>Rady, aneb co d\u011blat kdy\u017e&#8230;<\/strong><\/span><\/p>\n<p>Chcete si po\u0159\u00eddit zv\u00ed\u0159e, nap\u0159\u00edklad psa, ale nev\u00edte, jak na to?<br \/>\nV prvn\u00ed \u0159ad\u011b prove\u010fte konzultaci s celou rodinou, zda ano nebo ne. V p\u0159\u00edpad\u011b souhlasu zajist\u011bte ji\u017e dop\u0159edu pro psa klidn\u00fd koutek v byt\u011b nebo v p\u0159\u00edpad\u011b rodinn\u00e9ho domku lze zv\u00e1\u017eit, podle druhu plemene jeho um\u00edst\u011bn\u00ed v kotci, ale pozor na reakci soused\u016f. Rovn\u011b\u017e zva\u017ete, zda jste schopni se \u010dasov\u011b a finan\u010dn\u011b o psa \u0159\u00e1dn\u011b starat a sou\u010dasn\u011b mu v\u011bnovat svoji n\u00e1klonnost, aby citov\u011b nestr\u00e1dal. Pes je z\u00e1vazek i na 15 let. Ko\u010dka i d\u00e9le. V\u017edy si zjist\u011bte, k jak\u00e9mu \u00fa\u010delu bylo dan\u00e9 plemeno, zv\u00ed\u0159e vy\u0161lecht\u011bno, jak\u00e9 podm\u00ednky, stravu pot\u0159ebuje k dobr\u00e9mu \u017eivotu. Pot\u0159ebuje p\u00e9\u010di na\u0161\u00ed i veterin\u00e1\u0159e, to stoj\u00ed \u010das i pen\u00edze. Mohou p\u0159ij\u00edt i zdravotn\u00ed pot\u00ed\u017ee, op\u011bt bude pot\u0159ebovat pomoc veterin\u00e1\u0159e. R\u00e1no vstanu a se psem mus\u00edm ven. Pot\u0159ebuje nau\u010dit \u010distot\u011b.. .Mus\u00edm se psem ven i v nep\u0159\u00edzniv\u00e9m po\u010das\u00ed. Pot\u0159ebuje na proch\u00e1zku, \u010dmuchat, hr\u00e1t si. Po\u0159\u00edd\u00edm-li si \u0161t\u011bn\u011b, pot\u0159ebuje i v\u00fdchovu, aby z n\u011bj vyrostl poslu\u0161n\u00fd pes. Pak se n\u00e1m s n\u00edm bude dob\u0159e \u017e\u00edt a jemu s n\u00e1mi.<br \/>\nD\u011bti p\u0159ivedly dom\u016f \u0161t\u011bn\u011b a nev\u00edte, jak\u00e9 je to plemeno, asi k\u0159\u00ed\u017eenec. Dohodli jste se, \u017ee si ho ponech\u00e1te, a proto jsme mu vytvo\u0159ili vbyt\u011b podm\u00ednky. Nev\u00edte ov\u0161em, jak ho vychovat k \u010distot\u011b.<br \/>\nPokud m\u00e1 \u0161t\u011bn\u011b vytvo\u0159en\u00e9 podm\u00ednky, to znamen\u00e1 klidn\u00e9 m\u00edsto s pel\u00ed\u0161kem, tak vn\u011bm odpo\u010d\u00edv\u00e1. Je nutn\u00e9 \u0161t\u011bn\u011b sledovat zvl\u00e1\u0161t\u011b ve f\u00e1zi, kdy se vzbud\u00ed a za\u010dne hledat m\u00edsto pro pot\u0159ebu. V t\u00e9 chv\u00edli zas\u00e1hn\u011bte, \u0161t\u011bn\u011b vyneste ven nebo ho um\u00edst\u011bte do ps\u00edho z\u00e1chodku. Pokud \u0161t\u011bn\u011b ud\u011bl\u00e1 pot\u0159ebu na m\u00edst\u011b, kter\u00e9 jste ur\u010dili, pochvalte ho a odm\u011b\u0148te pamlskem. P\u0159i chv\u00e1len\u00ed dbejte na laskavou intonaci s vysloven\u00edm jm\u00e9na. Ide\u00e1ln\u00ed je, kdy\u017e je n\u011bkdo z rodiny neust\u00e1le p\u0159\u00edtomen a m\u016f\u017ee \u0161t\u011bn\u011b sledovat a reagovat na zm\u011bnu chov\u00e1n\u00ed p\u0159ed pot\u0159ebou. Vyvarujte se n\u00e1siln\u00e9ho a hrub\u00e9ho chov\u00e1n\u00ed v t\u011bchto f\u00e1z\u00edch<br \/>\nke \u0161t\u011bn\u011bti. Dopracovali byste se k obr\u00e1cen\u00e9mu \u00fa\u010dinku. Bu\u010fte trp\u011bliv\u00ed a v kr\u00e1tk\u00e9 dob\u011b dos\u00e1hnete<br \/>\n\u017e\u00e1douc\u00edho efektu, pejsek V\u00e1m nakonec d\u00e1 najevo, \u017ee se chce ven\u010dit.<\/p>\n<p>&nbsp;<\/p>\n<p><span style=\"font-size: 14pt;\"><strong>Pes V\u00e1m doma ni\u010d\u00ed v\u011bci, v\u010detn\u011b n\u00e1bytku?<\/strong><\/span><\/p>\n<p>V\u00e1\u0161 pes se chov\u00e1 jako \u0161\u00e9f (v\u016fdce sme\u010dky). V prv\u00e9 \u0159ad\u011b mu klidnou formou vysv\u011btlete, kdo je<br \/>\nskute\u010dn\u00fd p\u00e1n a v\u016fdce, proto\u017ee je t\u0159eba ur\u010dit\u00e9 v\u011bci respektovat. Je ov\u0161em tak\u00e9 mo\u017en\u00e9, \u017ee nem\u00e1<br \/>\ndostatek pohybu. Zkuste p\u0159ed odchodem \u0159\u00e1dn\u011b psa \u201eunavit\u201c p\u0159i proch\u00e1zce, nap\u0159. h\u00e1zen\u00edm hra\u010dky,<br \/>\n\u010dmuch\u00e1n\u00edm. D\u016fle\u017eit\u00e1 je tak\u00e9 prevence, do\u010dasn\u011b odstra\u0148te psovi v\u0161echny dostupn\u00e9 v\u011bc\u00ed. Pokud se<br \/>\njedn\u00e1 o n\u00e1bytek, zkuste ur\u010dit\u00e9 m\u00edsto om\u00fdt dezinfek\u010dn\u00edm roztokem, nebo pou\u017e\u00edt odpuzovac\u00ed sprej.<br \/>\nDal\u0161\u00ed mo\u017enost\u00ed je poskytnout psovi r\u016fzn\u00e9 druhy hra\u010dek, on si ur\u010dit\u011b n\u011bkterou vybere a zabav\u00ed se s<br \/>\nn\u00ed. Hra\u010dku m\u016f\u017eete sou\u010dasn\u011b pou\u017e\u00edt p\u0159i pochvale za to, kdy\u017e se pes ve Va\u0161\u00ed nep\u0159\u00edtomnosti choval<br \/>\ndob\u0159e. Nezapome\u0148te ho p\u0159i p\u0159\u00edchodu do bytu pozdravit jm\u00e9nem a odm\u011bnit pamlskem. Pamatujte si,<br \/>\npsa je nutn\u00e9 v\u017edy p\u0159istihnout p\u0159i ne\u017e\u00e1douc\u00ed \u010dinnosti a sou\u010dasn\u011b pok\u00e1rat. Pou\u017eit\u00ed trest\u016f se mus\u00ed op\u00edrat<br \/>\no p\u0159edem vytvo\u0159enou d\u016fv\u011bru. Pokud ho budete k\u00e1rat a trestat dodate\u010dn\u011b, doc\u00edl\u00edte prav\u00e9ho opaku.<br \/>\nT\u00e9\u017e se osv\u011bd\u010dilo um\u00edst\u011bn\u00ed \u010d\u00e1sti star\u00e9ho od\u011bvu psem obl\u00edben\u00e9ho \u010dlena rodiny do pel\u00ed\u0161ku. Navod\u00edte<br \/>\nt\u00edm st\u00e1lou p\u0159\u00edtomnost \u010dlena rodiny.<\/p>\n<p><span style=\"font-size: 14pt;\"><strong>M\u00e1te doma dosp\u011bl\u00e9ho psa, ale nechce V\u00e1s poslouchat?<\/strong><\/span><\/p>\n<p>Pravd\u011bpodobn\u011b si V\u00e1s za\u0159adil a\u017e za sebe a c\u00edt\u00ed se v\u016fdcem sme\u010dky. O\u010dek\u00e1v\u00e1 naopak Va\u0161i poslu\u0161nost<br \/>\na zcela jist\u011b se projevuje dominantn\u011b. Okam\u017eit\u011b mus\u00edte navodit situaci, kde se Vy stanete v\u016fdcem.<br \/>\nV pr\u016fb\u011bhu krmen\u00ed psovi v klidu odeberte misku a po chv\u00edli s pochvalou vra\u0165te. Toto m\u016f\u017eete b\u011bhem<br \/>\nkrmen\u00ed jednou a\u017e t\u0159ikr\u00e1t opakovat ka\u017ed\u00fd den a\u017e do doby zlep\u0161en\u00ed jeho pod\u0159\u00edzenosti v\u016f\u010di V\u00e1m.<br \/>\nSou\u010dasn\u011b je vhodn\u00e9 za\u0159adit v r\u00e1mci vych\u00e1zek n\u011bkter\u00e9 cviky poslu\u0161nosti a ty pravideln\u011b opakovat,<br \/>\nnap\u0159. p\u0159ivol\u00e1n\u00ed \u201eke mn\u011b\u201c, polohy \u201esedni, lehni, vsta\u0148 a odlo\u017een\u00ed na m\u00edst\u011b\u201c. Je samoz\u0159ejmost\u00ed, \u017ee<br \/>\npou\u017e\u00edv\u00e1me ke zvl\u00e1dnut\u00ed v\u00fdcviku kontrastn\u00ed metodu, s pou\u017eit\u00edm dotek\u016f a manipulace se psem,<br \/>\nv\u010detn\u011b pod\u00e1n\u00ed pamlsku. Hrub\u00fdm a n\u00e1siln\u00fdm p\u0159\u00edstupem nic nedoc\u00edl\u00edte, ba naopak se V\u00e1\u0161 pes m\u016f\u017ee<br \/>\nst\u00e1t Va\u0161\u00edm nep\u0159\u00edtelem. Mus\u00edte b\u00fdt ov\u0161em d\u016fsledn\u00ed a sou\u010dasn\u011b vst\u0159\u00edcn\u00ed k jeho pot\u0159eb\u00e1m.<\/p>\n<p>&nbsp;<\/p>\n<p><span style=\"font-size: 14pt;\"><strong>Jak m\u00e1te psa vystrojit &#8211; nevyzn\u00e1te se v tom?<\/strong><\/span><\/p>\n<p>Ka\u017ed\u00fd pes by m\u011bl m\u00edt ke sv\u00e9 pot\u0159eb\u011b obojek kovov\u00fd nebo klasick\u00fd ko\u017een\u00fd, kter\u00fd mus\u00ed dob\u0159e<br \/>\npadnout, vod\u00edtko postrojov\u00e9, kter\u00e9 se d\u00e1 jednoduch\u00fdm p\u0159epnut\u00edm zkr\u00e1tit nebo prodlou\u017eit. Je t\u0159eba<br \/>\ns ohledem na plemeno zv\u00e1\u017eit, dnes tolik \u010dast\u00e9 pou\u017eit\u00ed postroje. Ale uv\u011bdomte si, \u017ee v postroji se pes<br \/>\npohybuje s v\u011bt\u0161\u00ed silou, proto\u017ee se jeho v\u00e1ha rozkl\u00e1d\u00e1. Pokud je pes st\u0159edn\u00edho nebo velk\u00e9ho plemene,<br \/>\nm\u011bl by b\u00fdt zvykl\u00fd se pohybovat na ve\u0159ejnosti v n\u00e1hubku. To sam\u00e9 ov\u0161em m\u016f\u017ee platit o agresivn\u00edm<br \/>\njedinci mal\u00e9ho plemene. Vysouvac\u00ed vod\u00edtka se jev\u00ed v n\u011bkter\u00fdch p\u0159\u00edpadech jako zcela nevhodn\u00e1 pro<br \/>\nsvoji d\u00e9lku. P\u0159i maxim\u00e1ln\u00edm vysunut\u00ed ztr\u00e1c\u00edte mo\u017enost psa okam\u017eit\u011b ovl\u00e1dat.<br \/>\n\u2022 M\u00e1te dvoulet\u00e9ho psa velk\u00e9ho plemene a neust\u00e1le se dohadujete jak \u010dasto ho krmit.<br \/>\nKrmen\u00ed by m\u011blo prob\u00edhat pravideln\u011b v dan\u00e9m \u010dase. Nejl\u00e9pe je rozd\u011blit po\u017eadovan\u00e9 mno\u017estv\u00ed krmiva<br \/>\nna dv\u011b d\u00e1vky. Men\u0161\u00ed d\u00e1vku po rann\u00ed proch\u00e1zce, v\u011bt\u0161\u00ed v podve\u010der s mo\u017enost\u00ed je\u0161t\u011b psa 1-2 hodiny po<br \/>\nkrmen\u00ed vyven\u010dit. Pro v\u0161echny majitel\u00e9 ps\u016f bez rozd\u00edl\u016f: krmte psy kvalitn\u00ed stravou, p\u0159edejdete t\u00edm<br \/>\nzdravotn\u00edm probl\u00e9m\u016fm. Dejte pozor, na trhu jsou velmi kvalitn\u00ed krmiva a tak\u00e9 skute\u010dn\u011b nekvalitn\u00ed,<br \/>\nkter\u00e1 nepokryj\u00ed pot\u0159ebu Va\u0161eho psa. P\u0159i granulovan\u00e9 strav\u011b spr\u00e1vn\u011b rozli\u0161te krmivo podle druhu a<br \/>\nvelikosti psa. Pora\u010fte se s odborn\u00edky, ale jak se \u0159\u00edk\u00e1 \u201e za m\u00e1lo pen\u011bz m\u00e1lo muziky\u201c.<br \/>\n\u2022 Koupili jste si \u0161t\u011bn\u011b a nev\u00edte, v jak\u00e9m v\u011bku ho m\u00e1te u\u010dit poslu\u0161nosti?<br \/>\nUr\u010dit\u011b nic nezkaz\u00edte, kdy\u017e za\u010dnete hned. V\u016fbec nevad\u00ed, je-li \u0161t\u011bn\u011bti 8-10 t\u00fddn\u016f, ba naopak jste ve<br \/>\nv\u00fdhod\u011b. Ji\u017e zvyk\u00e1n\u00ed na nov\u00e9 prost\u0159ed\u00ed, \u010distotu a rodinu jsou prvn\u00ed usm\u011br\u0148uj\u00edc\u00ed v\u00fdcvikov\u00e9 kroky.<br \/>\nV prv\u00e9 \u0159ad\u011b nesm\u00edte zanedbat vybudov\u00e1n\u00ed kontaktu, co\u017e se u \u0161t\u011bn\u011bte d\u00e1 velmi dob\u0159e zvl\u00e1dnout,<br \/>\nzvl\u00e1\u0161t\u011b kdy\u017e ho m\u00e1me r\u00e1di a komunikujete s n\u00edm. Je velmi d\u016fle\u017eit\u00e9 mu v\u011bnovat pozornost, nejen na<br \/>\nproch\u00e1zce ale i v byt\u011b ho oslovovat, volat k sob\u011b, po jeho rychl\u00e9m p\u0159\u00edchodu ne\u0161et\u0159it pochvalou,<br \/>\nv\u010detn\u011b pod\u00e1n\u00ed pamlsku. Pamatujte si, \u017ee pamlsek nem\u00e1 nahrazovat krmen\u00ed, ale je skute\u010dn\u011b<br \/>\nmalink\u00fdm kouskem toho, co m\u00e1 pejsek r\u00e1d.<\/p>\n<p><span style=\"font-size: 14pt;\"><strong>DESATERO PS\u00cd PORADNY<\/strong><\/span><\/p>\n<p>1. Jste-li majitelem psa, sna\u017ete se co nejl\u00e9pe dodr\u017eovat hygienick\u00e9 a veterin\u00e1rn\u00ed n\u00e1vyky. Dbejte o<br \/>\nkvalitn\u00ed v\u00fd\u017eivu a vytvo\u0159te sv\u00e9mu \u010dty\u0159noh\u00e9mu kamar\u00e1dovi dobr\u00e9 z\u00e1zem\u00ed.<br \/>\n2. Nepodce\u0148ujte sou\u017eit\u00ed se sv\u00fdm psem, vzhledem ke sv\u00e9mu okol\u00ed. Bu\u010fte ohledupln\u00ed k ostatn\u00edm<br \/>\nob\u010dan\u016fm. Ne ka\u017ed\u00fd m\u00e1 r\u00e1d psy.<br \/>\n3. Poznejte sv\u00e9ho psa a sna\u017ete se ho zvl\u00e1dat a vychovat k poslu\u0161nosti. M\u011bli byste ho zvl\u00e1dat za<br \/>\nka\u017ed\u00fdch okolnost\u00ed. Nesv\u011b\u0159ujte sv\u00e9 psy nezletil\u00fdm d\u011btem.<br \/>\n4. Pohybujete-li se se psem na ve\u0159ejnosti, m\u011blo by b\u00fdt samoz\u0159ejm\u00e9 zaji\u0161t\u011bn\u00ed va\u0161eho psa. To<br \/>\nznamen\u00e1 &#8211; kvalitn\u00ed vod\u00edtko, obojek a u v\u011bt\u0161\u00edch plemen n\u00e1hubek. P\u0159i dobr\u00e9m zaji\u0161t\u011bn\u00ed va\u0161eho psa<br \/>\nmu m\u016f\u017eete, na k tomu ur\u010den\u00fdch m\u00edstech, poskytnout voln\u00fd v\u00fdb\u011bh.<br \/>\n5. V p\u0159\u00edpad\u011b zdravotn\u00edch pot\u00ed\u017e\u00ed zbyte\u010dn\u011b neodkl\u00e1dejte n\u00e1v\u0161t\u011bvu veterin\u00e1rn\u00edho za\u0159\u00edzen\u00ed.<br \/>\nPes V\u00e1m nen\u00ed schopen sd\u011blit p\u0159\u00ed\u010dinu sv\u00fdch pot\u00ed\u017e\u00ed a v n\u011bkter\u00fdch p\u0159\u00edpadech m\u016f\u017ee b\u00fdt ji\u017e pozd\u011b.<br \/>\n6. Zaj\u00edmejte se o v\u0161echny dostupn\u00e9 kvalitn\u00ed informace, kter\u00e9 se t\u00fdkaj\u00ed z\u00e1kladn\u00edho v\u00fdcviku<br \/>\nv\u0161ech ps\u016f bez rozd\u00edlu plemen.<br \/>\n7. Nezapom\u00ednejte na sebek\u00e1ze\u0148 a vybudov\u00e1n\u00ed dobr\u00e9ho p\u0159\u00e1telsk\u00e9ho kontaktu mezi V\u00e1mi, rodinou a<br \/>\nVa\u0161\u00edm psem.<br \/>\n8. I vy bu\u010fte sv\u00e9mu psu kamar\u00e1dem a nenechte jej citov\u011b str\u00e1dat. Je to \u017eiv\u00e1 bytost, kter\u00e1<br \/>\nV\u00e1m va\u0161i n\u00e1klonnost bohat\u011b oplat\u00ed. Pokud V\u00e1s vyzve ke h\u0159e, neodm\u00edtejte<br \/>\n9. Kdy\u017e nadejde chv\u00edle nejt\u011b\u017e\u0161\u00ed, odchodu va\u0161eho ps\u00edho kamar\u00e1da, neopou\u0161t\u011bjte ho a<br \/>\nnenechte ho zbyte\u010dn\u011b trp\u011bt. Z\u016fsta\u0148te v t\u00e9 t\u011b\u017ek\u00e9 chv\u00edli s n\u00edm.<br \/>\n10. Pokud se vynasna\u017e\u00edte o zvl\u00e1dnut\u00ed v\u00fd\u0161e uveden\u00fdch bod\u016f desatera, dos\u00e1hnete ur\u010dit\u011b<br \/>\ndobr\u00fdch v\u00fdsledk\u016f. Budete spokojeni sami se sebou a okol\u00ed s V\u00e1mi. D\u011bkujeme a p\u0159ejeme<br \/>\nV\u00e1m hodn\u011b kr\u00e1sn\u00fdch z\u00e1\u017eitk\u016f s Va\u0161imi \u010dty\u0159noh\u00fdmi kamar\u00e1dy.<br \/>\nJak p\u0159edch\u00e1zet \u00fat\u011bku psa o V\u00e1no\u010dn\u00ed sv\u00e1tc\u00edch a na Nov\u00fd rok?<br \/>\nChovatel\u00e9 ps\u016f, ale i ko\u010dek, pro\u017e\u00edvaj\u00ed Silvestra s obavami, jak v\u00fdbuchy a sv\u011bteln\u00e9 efekty p\u0159e\u017eije<br \/>\njejich pes. Nevyd\u011bs\u00ed a neubl\u00ed\u017e\u00ed mu tato popul\u00e1rn\u00ed oslava p\u0159\u00edchodu nov\u00e9ho roku? A jak psa, ko\u010dku<br \/>\np\u0159ipravit a ochr\u00e1nit jej p\u0159ed stresem z t\u011bchto neobvykl\u00fdch podn\u011bt\u016f? Hlasit\u00e9 v\u00fdbuchy a sv\u011bteln\u00e9<br \/>\nefekty se vzhledem k dostupnosti z\u00e1bavn\u00ed pyrotechniky objevuj\u00ed nav\u00edc ji\u017e od za\u010d\u00e1tku prosince nebo<br \/>\nje\u0161t\u011b d\u0159\u00edve. Psy si m\u016f\u017eeme podle jejich reakce na zvukov\u00e9 efekty rozd\u011blit do dvou kategori\u00ed. Do<br \/>\nprvn\u00ed skupiny m\u016f\u017eeme za\u0159adit pejsky, kte\u0159\u00ed se daj\u00ed sv\u00fdm majitelem ve zn\u00e1m\u00e9m prost\u0159ed\u00ed uklidnit<br \/>\ni kdy\u017e se hluk zvy\u0161uje. Reaguj\u00ed sice s neklidem, ale p\u0159esto dok\u00e1\u017eou zvl\u00e1dnout situaci bez<br \/>\nl\u00e9ka\u0159sk\u00e9ho o\u0161et\u0159en\u00ed. Chovatel v\u011bt\u0161inou nem\u00e1 probl\u00e9m se psem, kter\u00fd pro\u0161el v\u00fdcvikem a kter\u00e9mu<br \/>\npetardy sp\u00ed\u0161e p\u0159ipom\u00ednaj\u00ed pro n\u011bj p\u0159ita\u017eliv\u00fd lov \u010di situaci p\u0159i v\u00fdcviku.. Podle odborn\u00edk\u016f spad\u00e1 v\u00edc<br \/>\nne\u017e polovina ps\u016f do kategorie druh\u00e9. Pro tyto jedince jsou sv\u011bteln\u00e9 a hlavn\u011b zvukov\u00e9 efekty<br \/>\nvysloven\u00fdm stresem, kter\u00fd d\u00e1vaj\u00ed najevo r\u016fzn\u00fdmi zp\u016fsoby. Jsou v ten moment t\u011b\u017eko zvl\u00e1dnuteln\u00ed,<br \/>\nsna\u017e\u00ed se dostat co nejbl\u00ed\u017ee k rodin\u011b, demoluj\u00ed v\u00fdb\u011bh nebo jsou agresivn\u00ed. \u010casto ve stresu vyvinou<br \/>\ntakovou s\u00edlu, \u017ee p\u0159ekou\u0161ou ve\u0161ker\u00e9 z\u00e1brany a bezhlav\u011b ute\u010dou. V panice ztrat\u00ed cestu dom\u016f a u velmi<br \/>\ncitliv\u00e9ho a nemocn\u00e9ho psa m\u016f\u017ee doj\u00edt i k \u00famrt\u00ed. Reakce psa pr\u00fd nen\u00ed ani tak z\u00e1visl\u00e1 na plemeni, ale<br \/>\nsp\u00ed\u0161e na v\u00fdchov\u011b a v\u00fdcviku psa. Jak\u00e1 je tedy prevence silvestrovsk\u00e9ho stresu u psa? U klidn\u011bj\u0161\u00edch<br \/>\njedinc\u016f posta\u010d\u00ed v\u010dasn\u00e9 vyven\u010den\u00ed a pot\u00e9 vpu\u0161t\u011bn\u00ed do bezpe\u010d\u00ed domova. P\u0159\u00edpadn\u00fd hluk lze p\u0159ekr\u00fdt<br \/>\npu\u0161t\u011bnou televiz\u00ed nebo klidnou hudbou. Pro velice citliv\u00e9 psy je t\u0159eba zajistit pod\u00e1n\u00ed pilulek na<br \/>\nuklidn\u011bn\u00ed, kter\u00e9 lze zakoupit u veterin\u00e1\u0159e. Jestli\u017ee ji\u017e do\u0161lo k odpalov\u00e1n\u00ed oh\u0148ostroj\u016f, odv\u00e1d\u00edme<br \/>\npozornost psa jednak rutinn\u00edmi povely poslu\u0161nosti, kter\u00e9 dob\u0159e zn\u00e1 v kombinaci s odm\u011b\u0148ov\u00e1n\u00edm<br \/>\njeho obl\u00edben\u00fdm pamlskem, hrou, o\u010dn\u00edm nebo fyzick\u00fdm kontaktem, klidn\u00fdm hlasem zam\u011b\u0159en\u00fdm na<br \/>\npsa a klidn\u00fdm chov\u00e1n\u00edm. Podle odborn\u00edk\u016f bychom nem\u011bli psa, kter\u00fd v\u00fdbuchy petard trp\u00ed, nechat<br \/>\nnapospas novoro\u010dn\u00edmu vesel\u00ed a j\u00edt slavit mimo d\u016fm, nebo psa d\u00e1t ke zn\u00e1m\u00fdm. Pes m\u00e1 pr\u00fd toti\u017e<br \/>\npocit, \u017ee jej jeho sme\u010dka opustila a jeliko\u017e je pro n\u011bj v \u017eivot\u011b to nejd\u016fle\u017eit\u011bj\u0161\u00ed, m\u016f\u017ee se jeho stres<br \/>\nv tomto p\u0159\u00edpad\u011b je\u0161t\u011b prohloubit. Zde pr\u00fd ani chemick\u00e9 l\u00e9ky na zklidn\u011bn\u00ed chov\u00e1n\u00ed psa na\u0161i<br \/>\np\u0159\u00edtomnost nenahrad\u00ed. V t\u011bchto dnech doch\u00e1z\u00ed \u010dasto k p\u0159\u00edpad\u016fm, \u017ee psi s majiteli cestuj\u00ed nebo jsou<br \/>\nhl\u00edd\u00e1ni. Zde je t\u0159eba vych\u00e1zet s v\u011bt\u0161\u00ed opatrnost\u00ed, zvl\u00e1\u0161t\u011b psy v\u016fbec nepou\u0161t\u011bt na volno.<br \/>\nZ\u00e1v\u011brem doporu\u010duji v\u0161em majitel\u016fm ps\u016f si sv\u00e9ho pejska \u0159\u00e1dn\u011b ozna\u010dit: telefonick\u00e9 spojen\u00ed<br \/>\np\u0159\u00edpadn\u011b adresa na majitele psa, a to v\u0161e pro snadn\u00e9 dohled\u00e1n\u00ed majitele psa, ps\u00ed zn\u00e1mkou,<br \/>\nmikro\u010dipem- registrovan\u00fdm v jednom z registr\u016f \u010dip\u016f, tetov\u00e1n\u00edm, na obojku .<br \/>\nJak postupovat, kdy\u017e pes ute\u010de:<br \/>\nV prv\u00e9 \u0159ad\u011b volejte do \u00fatulku +420602893442, nebo linku 156 a informujte se, zda V\u00e1\u0161 pes,<br \/>\nko\u010dka ji\u017e nen\u00ed v tomto za\u0159\u00edzen\u00ed a zda ji\u017e Va\u0161eho psa n\u011bkdo nena\u0161el, proto\u017ee n\u00e1lez ji\u017e m\u016f\u017ee b\u00fdt<br \/>\nnahl\u00e1\u0161en, p\u0159es to, \u017ee v \u00fatulku je\u0161t\u011b nen\u00ed. Zde V\u00e1m i dispe\u010dink porad\u00ed dal\u0161\u00ed mo\u017en\u00e9 kroky. Pokud<br \/>\nm\u00e1me mo\u017enost dostat se na str\u00e1nky \u00fatulku a to www.psidomov.cz &#8211; Hled\u00e1me majitele , tak je<br \/>\nv p\u0159\u00edpad\u011b ztr\u00e1ty psa nebo jin\u00e9ho dom\u00e1c\u00edho mazl\u00ed\u010dka nav\u0161t\u00edv\u00edme, proto\u017ee ka\u017ed\u00e9 p\u0159ijat\u00e9 zv\u00ed\u0159e se<br \/>\nautomaticky na t\u011bchto str\u00e1nk\u00e1ch zobraz\u00ed a majitel ho zde m\u016f\u017ee poznat.<br \/>\na) nahl\u00e1sit \u00fat\u011bk psa do \u00fatulku s podrobn\u00fdm popisem zv\u00ed\u0159ete, m\u00edsto \u00fat\u011bku, telefonick\u00e9 spojen\u00ed na<br \/>\nmajitele, pokud mo\u017eno v\u00edce telefon\u016f, adresu majitele psa<br \/>\nb) v p\u0159\u00edpad\u011b, \u017ee se jedn\u00e1 o agresivn\u00ed zv\u00ed\u0159e vyrozum\u011bt MP linku 156 nebo p\u0159\u00edmo \u00fatulek.<br \/>\nc) prohledat okol\u00ed, kde zv\u00ed\u0159e uteklo.<br \/>\nd) pr\u016fb\u011b\u017en\u011b sledovat internetov\u00e9 str\u00e1nky www.psidomov.cz a telefonovat. Je mo\u017en\u00e9, \u017ee v pozd\u011bj\u0161\u00ed<br \/>\ndob\u011b n\u011bkdo psa do \u00fatulku p\u0159ivede nebo p\u0159ed\u00e1 pot\u0159ebnou informaci vedouc\u00ed k nalezen\u00ed.<\/p>\n","protected":false},"excerpt":{"rendered":"<p>Adopce Adopce zv\u00ed\u0159ete m\u016f\u017ee prob\u00edhat ve dvou rovin\u00e1ch, a to do tzv. do\u010dasn\u00e9 p\u00e9\u010de nebo do trval\u00e9 p\u00e9\u010de. P\u0159i p\u0159\u00edjmu nalezen\u00e9ho zv\u00ed\u0159ete \u00fatulek vyhl\u00e1s\u00ed jeho n\u00e1lez na sv\u00fdch str\u00e1nk\u00e1chwww.psidomov.cz. Od tohoto data se ve smyslu Ob\u010dansk\u00e9ho z\u00e1kon\u00edku po\u010d\u00edt\u00e1 lh\u016fta 4 m\u011bs\u00edc\u016f, po kterou se m\u016f\u017ee o zv\u00ed\u0159e p\u0159ihl\u00e1sit jeho p\u016fvodn\u00ed majitel. Pokud se nep\u0159ihl\u00e1s\u00ed do&#46;&#46;&#46;<\/p>\n","protected":false},"author":1,"featured_media":0,"parent":0,"menu_order":0,"comment_status":"closed","ping_status":"closed","template":"","meta":{"footnotes":""},"class_list":["post-14279","page","type-page","status-publish","hentry"],"_links":{"self":[{"href":"https:\/\/www.psidomov.cz\/index.php?rest_route=\/wp\/v2\/pages\/14279","targetHints":{"allow":["GET"]}}],"collection":[{"href":"https:\/\/www.psidomov.cz\/index.php?rest_route=\/wp\/v2\/pages"}],"about":[{"href":"https:\/\/www.psidomov.cz\/index.php?rest_route=\/wp\/v2\/types\/page"}],"author":[{"embeddable":true,"href":"https:\/\/www.psidomov.cz\/index.php?rest_route=\/wp\/v2\/users\/1"}],"replies":[{"embeddable":true,"href":"https:\/\/www.psidomov.cz\/index.php?rest_route=%2Fwp%2Fv2%2Fcomments&post=14279"}],"version-history":[{"count":10,"href":"https:\/\/www.psidomov.cz\/index.php?rest_route=\/wp\/v2\/pages\/14279\/revisions"}],"predecessor-version":[{"id":14291,"href":"https:\/\/www.psidomov.cz\/index.php?rest_route=\/wp\/v2\/pages\/14279\/revisions\/14291"}],"wp:attachment":[{"href":"https:\/\/www.psidomov.cz\/index.php?rest_route=%2Fwp%2Fv2%2Fmedia&parent=14279"}],"curies":[{"name":"wp","href":"https:\/\/api.w.org\/{rel}","templated":true}]}}