{"id":4523,"date":"2019-12-10T12:26:14","date_gmt":"2019-12-10T10:26:14","guid":{"rendered":"http:\/\/www.psidomov.cz\/?page_id=4523"},"modified":"2020-02-26T08:22:30","modified_gmt":"2020-02-26T06:22:30","slug":"nakrm-nas","status":"publish","type":"page","link":"https:\/\/www.psidomov.cz\/?page_id=4523","title":{"rendered":"nakrm n\u00e1s"},"content":{"rendered":"<p><b><a href=\"https:\/\/www.nakrmnas.cz\/psi-domov\/\" target=\"_blank\" rel=\"noopener noreferrer\"><img loading=\"lazy\" decoding=\"async\" class=\"alignleft wp-image-4414\" src=\"https:\/\/www.psidomov.cz\/wp-content\/uploads\/2019\/12\/e.png\" alt=\"\" width=\"145\" height=\"118\" \/><\/a><\/b><\/p>\n<div style=\"padding-left: 160px; text-align: left;\"><span style=\"color: #000000;\">Pokud chcete pomoci a podpo\u0159it ko\u010di\u010dky a pejsky z na\u0161eho \u00fatulku z pohodl\u00ed domova, sta\u010d\u00ed kliknout na cokoliv z krmen\u00ed nebo mlsek, kter\u00e9 pot\u0159ebuj\u00ed a pomohou jim zp\u0159\u00edjemnit \u010dek\u00e1n\u00ed na nov\u00fd domov. Za dopravu se nic neplat\u00ed.<\/span><\/div>\n<div style=\"padding-left: 160px; text-align: left;\"><span style=\"color: #000000;\">Zde jsme p\u0159ipravili seznam v\u011bc\u00ed:<\/span><\/div>\n<div><strong>Tato akce na pomoc\u00a0 pejsk\u016fm a ko\u010di\u010dk\u00e1m v \u00fatulku\u00a0 je \u010dasov\u011b neomezen\u00e1 !!!<\/strong><\/div>\n<div><a href=\"https:\/\/www.psidomov.cz\/wp-content\/uploads\/2020\/02\/\u010cAK.jpg\"><img loading=\"lazy\" decoding=\"async\" class=\"alignleft size-thumbnail wp-image-4936\" src=\"https:\/\/www.psidomov.cz\/wp-content\/uploads\/2020\/02\/\u010cAK-150x100.jpg\" alt=\"\" width=\"150\" height=\"100\" \/><\/a> <a href=\"https:\/\/www.psidomov.cz\/wp-content\/uploads\/2020\/02\/Nakrm-n\u00e1s.jpg\"><img loading=\"lazy\" decoding=\"async\" class=\"alignleft size-thumbnail wp-image-4937\" src=\"https:\/\/www.psidomov.cz\/wp-content\/uploads\/2020\/02\/Nakrm-n\u00e1s-150x98.jpg\" alt=\"\" width=\"150\" height=\"98\" \/><\/a> <a href=\"https:\/\/www.psidomov.cz\/wp-content\/uploads\/2020\/02\/Tom-102017.jpg\"><img loading=\"lazy\" decoding=\"async\" class=\"alignleft size-thumbnail wp-image-4938\" src=\"https:\/\/www.psidomov.cz\/wp-content\/uploads\/2020\/02\/Tom-102017-150x100.jpg\" alt=\"\" width=\"150\" height=\"100\" \/><\/a><\/div>\n<div><\/div>\n<div style=\"padding-left: 160px; text-align: left;\">\n<table style=\"border-collapse: collapse; width: 98.3928%; height: 86px;\">\n<tbody>\n<tr style=\"height: 39px;\">\n<td style=\"width: 100%; border-style: solid; background-color: #f3f5b0; border-color: #0b0b70; height: 39px; text-align: center;\"><span style=\"font-size: 14pt;\"><strong><span style=\"color: #800000;\"><a style=\"color: #800000;\" href=\"https:\/\/www.nakrmnas.cz\/psi-domov\/\">https:\/\/www.nakrmnas.cz\/psi-domov\/<\/a><\/span><\/strong><\/span><\/td>\n<\/tr>\n<\/tbody>\n<\/table>\n<\/div>\n","protected":false},"excerpt":{"rendered":"<p>Pokud chcete pomoci a podpo\u0159it ko\u010di\u010dky a pejsky z na\u0161eho \u00fatulku z pohodl\u00ed domova, sta\u010d\u00ed kliknout na cokoliv z krmen\u00ed nebo mlsek, kter\u00e9 pot\u0159ebuj\u00ed a pomohou jim zp\u0159\u00edjemnit \u010dek\u00e1n\u00ed na nov\u00fd domov. Za dopravu se nic neplat\u00ed. Zde jsme p\u0159ipravili seznam v\u011bc\u00ed: Tato akce na pomoc\u00a0 pejsk\u016fm a ko\u010di\u010dk\u00e1m v \u00fatulku\u00a0 je \u010dasov\u011b neomezen\u00e1 !!!&#46;&#46;&#46;<\/p>\n","protected":false},"author":1,"featured_media":0,"parent":0,"menu_order":0,"comment_status":"closed","ping_status":"closed","template":"","meta":{"footnotes":""},"class_list":["post-4523","page","type-page","status-publish","hentry"],"_links":{"self":[{"href":"https:\/\/www.psidomov.cz\/index.php?rest_route=\/wp\/v2\/pages\/4523","targetHints":{"allow":["GET"]}}],"collection":[{"href":"https:\/\/www.psidomov.cz\/index.php?rest_route=\/wp\/v2\/pages"}],"about":[{"href":"https:\/\/www.psidomov.cz\/index.php?rest_route=\/wp\/v2\/types\/page"}],"author":[{"embeddable":true,"href":"https:\/\/www.psidomov.cz\/index.php?rest_route=\/wp\/v2\/users\/1"}],"replies":[{"embeddable":true,"href":"https:\/\/www.psidomov.cz\/index.php?rest_route=%2Fwp%2Fv2%2Fcomments&post=4523"}],"version-history":[{"count":0,"href":"https:\/\/www.psidomov.cz\/index.php?rest_route=\/wp\/v2\/pages\/4523\/revisions"}],"wp:attachment":[{"href":"https:\/\/www.psidomov.cz\/index.php?rest_route=%2Fwp%2Fv2%2Fmedia&parent=4523"}],"curies":[{"name":"wp","href":"https:\/\/api.w.org\/{rel}","templated":true}]}}